{"id":396,"date":"2024-01-02T10:42:52","date_gmt":"2024-01-02T09:42:52","guid":{"rendered":"https:\/www.ubytovanihevlin.cz\/apartma\/"},"modified":"2024-08-02T08:43:55","modified_gmt":"2024-08-02T06:43:55","slug":"suite","status":"publish","type":"page","link":"https:\/\/www.ubytovanihevlin.cz\/de\/suite\/","title":{"rendered":"Suite"},"content":{"rendered":"<div class=\"gdc_row\">\n<div class=\"gdc_column gdc_chalf\">\n<div class=\"gdc_inner\">\n<h2>Geschichte unseres Unternehmens<\/h2>\n<p>Es geht um eine Leidenschaft f\u00fcr Gastfreundschaft und den Wunsch, ein unvergessliches Erlebnis zu bieten. Unser Traum wurde Wirklichkeit, als wir die T\u00fcr zu unserer Suite mit drei Schlafzimmern \u00f6ffneten, die bequem Platz f\u00fcr 6 bis 7 Personen bietet. Jede Ecke wurde im Hinblick auf den Komfort und die Privatsph\u00e4re unserer G\u00e4ste gestaltet.<\/p>\n<\/div>\n<\/div>\n<div class=\"gdc_column gdc_chalf\">\n<div class=\"gdc_inner\">\n<h2>Unsere idealen Kunden<\/h2>\n<p>Es gibt diejenigen, die mehr als nur einen Platz zum Schlafen suchen. Es sind Familien mit Kindern, die den umz\u00e4unten Garten und die M\u00f6glichkeit, ein Babybett zu mieten, zu sch\u00e4tzen wissen, Paare, die der Hektik des Alltags entfliehen m\u00f6chten, und Gruppen, die gemeinsam unvergessliche Momente verbringen m\u00f6chten. In der Unterkunft Hevl\u00edn finden sie einen sicheren Hafen, in dem sie Kraft tanken und neue Erinnerungen schaffen k\u00f6nnen.<\/p>\n<\/div>\n<\/div>\n<\/div>\n<style type=\"text\/css\">\n\t\t\t#gallery-1 {\n\t\t\t\tmargin: auto;\n\t\t\t}\n\t\t\t#gallery-1 .gallery-item {\n\t\t\t\tfloat: left;\n\t\t\t\tmargin-top: 10px;\n\t\t\t\ttext-align: center;\n\t\t\t\twidth: 33%;\n\t\t\t}\n\t\t\t#gallery-1 img {\n\t\t\t\tborder: 2px solid #cfcfcf;\n\t\t\t}\n\t\t\t#gallery-1 .gallery-caption {\n\t\t\t\tmargin-left: 0;\n\t\t\t}\n\t\t\t\/* see gallery_shortcode() in wp-includes\/media.php *\/\n\t\t<\/style>\n<div id='gallery-1' class='gallery galleryid-396 gallery-columns-3 gallery-size-thumbnail'>\n<dl class='gallery-item'>\n<dt class='gallery-icon landscape'>\n\t\t\t\t<a href='https:\/\/www.ubytovanihevlin.cz\/wp-content\/uploads\/2024\/01\/ONE00502-ZERO-ONE-1600x1067.jpg' title=\"\" data-rl_title=\"\" class=\"rl-gallery-link\" data-rl_caption=\"\" data-rel=\"lightbox-gallery-1\"><img loading=\"lazy\" decoding=\"async\" width=\"800\" height=\"650\" src=\"https:\/\/www.ubytovanihevlin.cz\/wp-content\/uploads\/2024\/01\/ONE00502-ZERO-ONE-800x650.jpg\" class=\"attachment-thumbnail size-thumbnail\" alt=\"\" \/><\/a>\n\t\t\t<\/dt>\n<\/dl>\n<dl class='gallery-item'>\n<dt class='gallery-icon landscape'>\n\t\t\t\t<a href='https:\/\/www.ubytovanihevlin.cz\/wp-content\/uploads\/2024\/01\/slider-1600x817.jpg' title=\"\" data-rl_title=\"\" class=\"rl-gallery-link\" data-rl_caption=\"\" data-rel=\"lightbox-gallery-1\"><img loading=\"lazy\" decoding=\"async\" width=\"800\" height=\"650\" src=\"https:\/\/www.ubytovanihevlin.cz\/wp-content\/uploads\/2024\/01\/slider-800x650.jpg\" class=\"attachment-thumbnail size-thumbnail\" alt=\"\" \/><\/a>\n\t\t\t<\/dt>\n<\/dl>\n<dl class='gallery-item'>\n<dt class='gallery-icon landscape'>\n\t\t\t\t<a href='https:\/\/www.ubytovanihevlin.cz\/wp-content\/uploads\/2024\/01\/ONE00529-ZERO-ONE-1600x1067.jpg' title=\"\" data-rl_title=\"\" class=\"rl-gallery-link\" data-rl_caption=\"\" data-rel=\"lightbox-gallery-1\"><img loading=\"lazy\" decoding=\"async\" width=\"800\" height=\"650\" src=\"https:\/\/www.ubytovanihevlin.cz\/wp-content\/uploads\/2024\/01\/ONE00529-ZERO-ONE-800x650.jpg\" class=\"attachment-thumbnail size-thumbnail\" alt=\"\" \/><\/a>\n\t\t\t<\/dt>\n<\/dl>\n<p><br style=\"clear: both\" \/>\n\t\t<\/div>\n<h2>Wir sind einzigartig, weil wir auf jedes Detail geachtet haben<\/h2>\n<p>Von einem Kamerasystem, das f\u00fcr Ihre Sicherheit sorgt, bis hin zu verdunkelnden Au\u00dfenjalousien f\u00fcr einen perfekten Schlaf. Unsere Badezimmer sind mit einer Duschecke und allen Notwendigkeiten, inklusive Haartrockner, ausgestattet und die gesamte Anlage wird durch eine integrierte LED-Beleuchtung beleuchtet, die f\u00fcr eine angenehme Atmosph\u00e4re sorgt. Das Wohnzimmer mit einem bequemen Sofa und einem gro\u00dfen Fernseher ist der ideale Ort zum Entspannen am Abend.<\/p>\n<p>Wir bieten eine voll ausgestattete K\u00fcche, die selbst den anspruchsvollsten Koch zufriedenstellt, und einen Sitzbereich im Freien unter einer \u00fcberdachten Pergola, perfekt f\u00fcr lange Abendstunden mit Familie und Freunden. Und f\u00fcr diejenigen, die gerne die Umgebung erkunden, sind wir nur einen Katzensprung vom ber\u00fchmten <strong>Kurort Laa<\/strong>, dem <strong>historischen Znojmo<\/strong> und dem malerischen <strong>Lednice entfernt<\/strong>.<\/p>\n<p>In der Villa Holiday Hevl\u00edn ist die Nachtruhe ab 22:00 Uhr einzuhalten und es ist verboten Partys zu veranstalten und die Hauseinrichtung zu zerst\u00f6ren oder zu versetzen.<\/p>\n<h3>Wir freuen uns auf Ihren Besuch im Unterk\u00fcnfte Hevl\u00edn, wo jeder Tag zu einer Geschichte wird<\/h3>\n","protected":false},"excerpt":{"rendered":"<p>Wir sind einzigartig, weil wir auf jedes Detail geachtet haben Von einem Kamerasystem, das f\u00fcr Ihre Sicherheit sorgt, bis hin zu verdunkelnden Au\u00dfenjalousien f\u00fcr einen perfekten Schlaf. Unsere Badezimmer sind mit einer Duschecke und allen Notwendigkeiten, inklusive Haartrockner, ausgestattet und die gesamte Anlage wird durch eine integrierte LED-Beleuchtung beleuchtet, die f\u00fcr eine angenehme Atmosph\u00e4re sorgt&#8230;.<\/p>\n","protected":false},"author":1,"featured_media":0,"parent":0,"menu_order":0,"comment_status":"closed","ping_status":"closed","template":"","meta":{"footnotes":""},"class_list":["post-396","page","type-page","status-publish","hentry"],"acf":[],"aioseo_notices":[],"_links":{"self":[{"href":"https:\/\/www.ubytovanihevlin.cz\/de\/wp-json\/wp\/v2\/pages\/396","targetHints":{"allow":["GET"]}}],"collection":[{"href":"https:\/\/www.ubytovanihevlin.cz\/de\/wp-json\/wp\/v2\/pages"}],"about":[{"href":"https:\/\/www.ubytovanihevlin.cz\/de\/wp-json\/wp\/v2\/types\/page"}],"author":[{"embeddable":true,"href":"https:\/\/www.ubytovanihevlin.cz\/de\/wp-json\/wp\/v2\/users\/1"}],"replies":[{"embeddable":true,"href":"https:\/\/www.ubytovanihevlin.cz\/de\/wp-json\/wp\/v2\/comments?post=396"}],"version-history":[{"count":7,"href":"https:\/\/www.ubytovanihevlin.cz\/de\/wp-json\/wp\/v2\/pages\/396\/revisions"}],"predecessor-version":[{"id":538,"href":"https:\/\/www.ubytovanihevlin.cz\/de\/wp-json\/wp\/v2\/pages\/396\/revisions\/538"}],"wp:attachment":[{"href":"https:\/\/www.ubytovanihevlin.cz\/de\/wp-json\/wp\/v2\/media?parent=396"}],"curies":[{"name":"wp","href":"https:\/\/api.w.org\/{rel}","templated":true}]}}